{"id":17,"date":"2021-03-13T10:39:24","date_gmt":"2021-03-13T10:39:24","guid":{"rendered":"https:\/\/englishkidsclub.ch\/?page_id=17"},"modified":"2024-08-30T16:18:33","modified_gmt":"2024-08-30T16:18:33","slug":"english-lessons-program","status":"publish","type":"page","link":"https:\/\/englishkidsclub.ch\/?page_id=17","title":{"rendered":"English Lessons Program"},"content":{"rendered":"\n<h2 class=\"wp-block-heading\">Playgroup<\/h2>\n\n\n\n<figure class=\"wp-block-table\"><table><tbody><tr><td><strong>Bemerkung<\/strong><\/td><td>ab 2 \u00bd Jahren bis Kindergartenalter&nbsp;<\/td><\/tr><tr><td><strong>Tag<\/strong><\/td><td>Mittwoch<br>Donnerstag<\/td><\/tr><tr><td><strong>Zeit<\/strong><\/td><td>09.00 &#8211; 11.30<br>09.00 &#8211; 11.30<\/td><\/tr><\/tbody><\/table><\/figure>\n\n\n\n<p><\/p>\n\n\n\n<p class=\"has-text-align-left\">Die Playgroups werden mit sehr viel Abwechslung, Freude und Leidenschaft gestaltet, damit sich die Kinder wohl f\u00fchlen und Spass haben, aber auch sprachliche Fortschritte machen. Wir spielen, singen, basteln, nutzen Bilderbuchgeschichten und vieles mehr. Zn\u00fcni oder Zvieri sind nat\u00fcrlich im Kursgeld inbegriffen.<\/p>\n\n\n\n<p class=\"has-text-align-left\">Das Kursgeld f\u00fcr Playgroups betr\u00e4gt:<\/p>\n\n\n\n<figure class=\"wp-block-table\"><table><tbody><tr><td>Monatlich<\/td><td>95<\/td><\/tr><tr><td>Quartal<\/td><td>275<\/td><\/tr><tr><td>Semester<\/td><td>525<\/td><\/tr><tr><td>Jahr<\/td><td>1&#8217;000<\/td><\/tr><\/tbody><\/table><\/figure>\n\n\n\n<p class=\"has-text-align-left\">Englischvorkenntnisse sind nicht n\u00f6tig. Die Playgroups finden in sehr pers\u00f6nlichem und famili\u00e4rem Ambiente im Einfamilienhaus von Mary Gut am Huebacher 27a in R\u00fcmlang statt.Ich freue mich auf Ihre Anmeldung. Bitte melden Sie sich f\u00fcr eine Gratisprobestunde unter Telefon <a href=\"tel:+41794581318\">+41 79 458 13 18<\/a>.<\/p>\n\n\n\n<p>F\u00fcr die Anmeldung nutzen Sie das <a href=\"https:\/\/englishkidsclub.ch\/?page_id=28\" data-type=\"page\" data-id=\"28\">Anmeldeformular<\/a>.<\/p>\n\n\n\n<p>Herzlich,&nbsp;&nbsp;Mary Gut<\/p>\n\n\n\n<p><\/p>\n\n\n\n<p>Telefon <a href=\"tel:+41794581318\">+41 79 458 13 18<\/a><br>Email&nbsp;<a href=\"mailto:mary@englishkidsclub.ch\">mary@englishkidsclub.ch<\/a><\/p>\n","protected":false},"excerpt":{"rendered":"<p>Playgroup Bemerkung ab 2 \u00bd Jahren bis Kindergartenalter&nbsp; Tag MittwochDonnerstag Zeit 09.00 &#8211; 11.3009.00 &#8211; [&hellip;]<\/p>\n","protected":false},"author":1,"featured_media":0,"parent":0,"menu_order":0,"comment_status":"closed","ping_status":"closed","template":"","meta":{"footnotes":""},"class_list":["post-17","page","type-page","status-publish","hentry"],"_links":{"self":[{"href":"https:\/\/englishkidsclub.ch\/index.php?rest_route=\/wp\/v2\/pages\/17","targetHints":{"allow":["GET"]}}],"collection":[{"href":"https:\/\/englishkidsclub.ch\/index.php?rest_route=\/wp\/v2\/pages"}],"about":[{"href":"https:\/\/englishkidsclub.ch\/index.php?rest_route=\/wp\/v2\/types\/page"}],"author":[{"embeddable":true,"href":"https:\/\/englishkidsclub.ch\/index.php?rest_route=\/wp\/v2\/users\/1"}],"replies":[{"embeddable":true,"href":"https:\/\/englishkidsclub.ch\/index.php?rest_route=%2Fwp%2Fv2%2Fcomments&post=17"}],"version-history":[{"count":17,"href":"https:\/\/englishkidsclub.ch\/index.php?rest_route=\/wp\/v2\/pages\/17\/revisions"}],"predecessor-version":[{"id":191,"href":"https:\/\/englishkidsclub.ch\/index.php?rest_route=\/wp\/v2\/pages\/17\/revisions\/191"}],"wp:attachment":[{"href":"https:\/\/englishkidsclub.ch\/index.php?rest_route=%2Fwp%2Fv2%2Fmedia&parent=17"}],"curies":[{"name":"wp","href":"https:\/\/api.w.org\/{rel}","templated":true}]}}