{"id":41,"date":"2021-03-13T11:05:34","date_gmt":"2021-03-13T11:05:34","guid":{"rendered":"https:\/\/englishkidsclub.ch\/?page_id=41"},"modified":"2021-03-13T11:30:38","modified_gmt":"2021-03-13T11:30:38","slug":"about","status":"publish","type":"page","link":"https:\/\/englishkidsclub.ch\/?page_id=41","title":{"rendered":"About"},"content":{"rendered":"\n<h1 class=\"has-larger-font-size wp-block-heading\"><a>\u00dcber mich<\/a><\/h1>\n\n\n\n<figure class=\"wp-block-image size-large\"><img loading=\"lazy\" decoding=\"async\" width=\"237\" height=\"237\" src=\"https:\/\/englishkidsclub.ch\/wp-content\/uploads\/2021\/03\/mary.jpg\" alt=\"\" class=\"wp-image-42\" srcset=\"https:\/\/englishkidsclub.ch\/wp-content\/uploads\/2021\/03\/mary.jpg 237w, https:\/\/englishkidsclub.ch\/wp-content\/uploads\/2021\/03\/mary-150x150.jpg 150w\" sizes=\"auto, (max-width: 237px) 100vw, 237px\" \/><\/figure>\n\n\n\n<p><\/p>\n\n\n\n<p>Ich heisse Mary Gut und bin sehr menschenorientiert. So faszinieren mich die vielf\u00e4ltigen M\u00f6glichkeiten mit Kindern zu arbeiten. Ich bringe ihnen Englisch bei und verschaffe ihnen dabei auch fr\u00f6hliche Stunden. Seit 2009 f\u00fchre ich als ausgebildete Englischlehrerin den English Kids Club bei mir zuhause. Ich habe an der Universit\u00e4t Miami Business Administration studiert. Meine Muttersprache ist Englisch und Deutsch ist meine Zweitsprache.<\/p>\n\n\n\n<p>Bitte melden Sie sich f\u00fcr eine Gratisprobestunde unter Telefon <a href=\"tel:+41794581318\">+41 79 458 13 18<\/a>.<br><br>F\u00fcr die Anmeldung nutzen Sie das <a href=\"https:\/\/englishkidsclub.ch\/?page_id=28\" data-type=\"page\" data-id=\"28\">Anmeldeformular<\/a>, womit Sie meine Allgemeinen Gesch\u00e4ftsbedingungen zur Kenntnis nehmen.<\/p>\n\n\n\n<p><\/p>\n\n\n\n<h2 class=\"wp-block-heading\"><a>Adresse<\/a><\/h2>\n\n\n<p><iframe src=\"https:\/\/www.google.com\/maps\/embed?pb=!1m14!1m8!1m3!1d5396.750012359861!2d8.52737199999999!3d47.443629!3m2!1i1024!2i768!4f13.1!3m3!1m2!1s0x47900acd86693ba7%3A0x5e5ab19807c04a70!2sHuebacher%2027A%2C%208153%20R%C3%BCmlang!5e0!3m2!1sde!2sch!4v1615635023329!5m2!1sde!2sch\" width=\"600\" height=\"450\" style=\"border:0;\" allowfullscreen=\"\" loading=\"lazy\"><\/iframe><\/p>\n\n\n<p class=\"has-text-align-left\">English Kids Club by Mary<br>Huebacher 27a<br>8153 R\u00fcmlang<br><br>Telefon <a href=\"tel:+41794581318\">+41 79 458 13 18<\/a><br>Email&nbsp;<a href=\"mailto:mary@englishkidsclub.ch\">mary@englishkidsclub.ch<\/a><\/p>\n","protected":false},"excerpt":{"rendered":"<p>\u00dcber mich Ich heisse Mary Gut und bin sehr menschenorientiert. So faszinieren mich die vielf\u00e4ltigen [&hellip;]<\/p>\n","protected":false},"author":1,"featured_media":0,"parent":0,"menu_order":0,"comment_status":"closed","ping_status":"closed","template":"","meta":{"footnotes":""},"class_list":["post-41","page","type-page","status-publish","hentry"],"_links":{"self":[{"href":"https:\/\/englishkidsclub.ch\/index.php?rest_route=\/wp\/v2\/pages\/41","targetHints":{"allow":["GET"]}}],"collection":[{"href":"https:\/\/englishkidsclub.ch\/index.php?rest_route=\/wp\/v2\/pages"}],"about":[{"href":"https:\/\/englishkidsclub.ch\/index.php?rest_route=\/wp\/v2\/types\/page"}],"author":[{"embeddable":true,"href":"https:\/\/englishkidsclub.ch\/index.php?rest_route=\/wp\/v2\/users\/1"}],"replies":[{"embeddable":true,"href":"https:\/\/englishkidsclub.ch\/index.php?rest_route=%2Fwp%2Fv2%2Fcomments&post=41"}],"version-history":[{"count":10,"href":"https:\/\/englishkidsclub.ch\/index.php?rest_route=\/wp\/v2\/pages\/41\/revisions"}],"predecessor-version":[{"id":87,"href":"https:\/\/englishkidsclub.ch\/index.php?rest_route=\/wp\/v2\/pages\/41\/revisions\/87"}],"wp:attachment":[{"href":"https:\/\/englishkidsclub.ch\/index.php?rest_route=%2Fwp%2Fv2%2Fmedia&parent=41"}],"curies":[{"name":"wp","href":"https:\/\/api.w.org\/{rel}","templated":true}]}}